{"id":810,"date":"2022-03-16T09:02:21","date_gmt":"2022-03-16T09:02:21","guid":{"rendered":"https:\/\/www.finded.io\/politica-de-privacidad\/"},"modified":"2024-02-26T16:52:54","modified_gmt":"2024-02-26T16:52:54","slug":"politique-de-confidentialite","status":"publish","type":"page","link":"https:\/\/finded.io\/fr\/politique-de-confidentialite\/","title":{"rendered":"Politique de confidentialit\u00e9"},"content":{"rendered":"<p>&#8220;<strong>FINDED<\/strong>&#8221; est profond\u00e9ment engag\u00e9e dans le respect de la r\u00e9glementation espagnole et europ\u00e9enne en mati\u00e8re de protection des donn\u00e9es personnelles. Elle garantit le respect int\u00e9gral des obligations et la mise en \u0153uvre des mesures de s\u00e9curit\u00e9 pr\u00e9vues dans le R\u00e8glement G\u00e9n\u00e9ral sur la Protection des Donn\u00e9es (RGPD) (UE) 2016\/679 du 27 avril et dans la Loi Organique 3\/2018 du 5 d\u00e9cembre sur la protection des donn\u00e9es personnelles et la garantie des droits num\u00e9riques (LOPD et GDD, ci-apr\u00e8s LOPD).<\/p>\n<p>Conform\u00e9ment \u00e0 ces r\u00e9glementations, nous vous informons que l&#8217;utilisation de notre site web peut n\u00e9cessiter la fourniture de certaines donn\u00e9es personnelles via des formulaires de contact ou par l&#8217;envoi d&#8217;e-mails, et que celles-ci seront trait\u00e9es par &#8220;<strong>FINDED<\/strong>&#8220;, responsable du traitement, dont les coordonn\u00e9es sont les suivantes :<\/p>\n<p class=\"p1\">\u00b7 <strong>D\u00e9nomination sociale:<\/strong> Finded Marketing Services SL<\/p>\n<p class=\"p1\">\u00b7\u00a0<b>NIF:<\/b> B56918675<\/p>\n<p class=\"p1\">\u00b7 <b>Adresse:<\/b> C\/ Luis Mezquida, 5 Almassera &#8211; Espa\u00f1a<\/p>\n<p class=\"p1\">\u00b7\u00a0<b>T\u00e9l\u00e9phone:<\/b> +34 627 400 355<\/p>\n<p class=\"p1\">\u00b7\u00a0<b>E-mail: <\/b>info@finded.io<\/p>\n<p>&nbsp;<\/p>\n<p><strong>Collecte de donn\u00e9es fournies par FINDED<\/strong><\/p>\n<p>Les entreprises figurant sur FINDED sont trouv\u00e9es et analys\u00e9es par notre moteur de recherche. Ces informations sont disponibles sur Internet et sont librement accessibles \u00e0 tout utilisateur. Nous les recueillons, les regroupons et les organisons pour pr\u00e9senter les meilleures entreprises o\u00f9 travailler.<\/p>\n<p>Si vous ne souhaitez pas que votre entreprise apparaisse dans notre comparateur, vous devrez d&#8217;abord supprimer vos informations de nos sources (Infojobs.net, Glassdoor.com et Indeed.com). Une fois cela fait, notre robot ne pourra pas suivre ces informations, et par cons\u00e9quent, elles ne seront pas affich\u00e9es.<\/p>\n<p><strong>Collecte et traitement des donn\u00e9es personnelles<\/strong><\/p>\n<p>Une donn\u00e9e personnelle est toute information concernant une personne : nom, e-mail, adresse, t\u00e9l\u00e9phone, NIF\/NIE, etc. De plus, lorsque vous visitez notre site web, certaines informations sont automatiquement stock\u00e9es pour des raisons techniques, telles que l&#8217;adresse IP attribu\u00e9e par votre fournisseur d&#8217;acc\u00e8s Internet. &#8220;FINDED&#8221;, en tant que responsable du traitement, a le devoir d&#8217;informer les utilisateurs de son site web sur la collecte de donn\u00e9es personnelles pouvant \u00eatre effectu\u00e9e, que ce soit par e-mail ou en remplissant les formulaires inclus sur le site web. Seules les donn\u00e9es n\u00e9cessaires \u00e0 la r\u00e9alisation du service souscrit ou \u00e0 la r\u00e9ponse ad\u00e9quate \u00e0 la demande d&#8217;information de l&#8217;utilisateur seront collect\u00e9es. Les donn\u00e9es collect\u00e9es sont identifiables et correspondent \u00e0 un minimum raisonnable pour mener \u00e0 bien l&#8217;activit\u00e9 concern\u00e9e. En particulier, aucune donn\u00e9e particuli\u00e8rement prot\u00e9g\u00e9e n&#8217;est collect\u00e9e \u00e0 aucun moment. En aucun cas, les donn\u00e9es ne seront utilis\u00e9es \u00e0 des fins autres que celles pour lesquelles elles ont \u00e9t\u00e9 collect\u00e9es.<\/p>\n<p><strong>Formulaires de contact\/e-mail\u00a0<\/strong><\/p>\n<p>Objectif : R\u00e9pondre \u00e0 la demande d&#8217;information via notre\/vos formulaire\/s de contact.<\/p>\n<p>L\u00e9gitimation : La base juridique l\u00e9gitimant ce traitement est le consentement de l&#8217;utilisateur, qui peut \u00eatre r\u00e9voqu\u00e9 \u00e0 tout moment.<\/p>\n<p>Transmission des donn\u00e9es : Les donn\u00e9es personnelles seront trait\u00e9es via des serveurs g\u00e9r\u00e9s par Ionos, qui sera consid\u00e9r\u00e9 comme le sous-traitant.<\/p>\n<p><strong>Mineurs<\/strong><\/p>\n<p>Seules les personnes de plus de 14 ans peuvent fournir des donn\u00e9es personnelles sur ce site web. Conform\u00e9ment \u00e0 la LOPD et \u00e0 la GDD, en cas de personnes de moins de 14 ans, le consentement de leurs parents ou tuteurs sera obligatoire pour que nous puissions traiter leurs donn\u00e9es personnelles. De plus, seules les personnes de plus de 18 ans peuvent utiliser nos services. En cas de personnes de moins de 18 ans, le consentement de leurs parents ou tuteurs l\u00e9gaux sera obligatoire pour que nous puissions fournir les services propos\u00e9s, sauf si le mineur est \u00e9mancip\u00e9.<\/p>\n<p><strong>Mesures de s\u00e9curit\u00e9<\/strong><\/p>\n<p>Les utilisateurs du site web de &#8220;FINDED&#8221; sont inform\u00e9s que des mesures de s\u00e9curit\u00e9, techniques et organisationnelles, ont \u00e9t\u00e9 prises pour \u00e9viter la perte, l&#8217;utilisation abusive, l&#8217;alt\u00e9ration, l&#8217;acc\u00e8s non autoris\u00e9 et le vol de donn\u00e9es. Celles-ci garantissent la confidentialit\u00e9, l&#8217;int\u00e9grit\u00e9 et la qualit\u00e9 des informations contenues conform\u00e9ment \u00e0 la l\u00e9gislation en vigueur en mati\u00e8re de protection des donn\u00e9es. Les donn\u00e9es personnelles collect\u00e9es dans les formulaires sont trait\u00e9es uniquement par le personnel de &#8220;FINDED&#8221; ou par les responsables de traitement d\u00e9sign\u00e9s.<\/p>\n<p>Le site web de &#8220;FINDED&#8221; dispose \u00e9galement d&#8217;un cryptage SSL, permettant \u00e0 l&#8217;utilisateur d&#8217;envoyer ses donn\u00e9es personnelles de mani\u00e8re s\u00e9curis\u00e9e via les formulaires de contact du site web.<\/p>\n<p><strong>V\u00e9racit\u00e9 des donn\u00e9es<\/strong><\/p>\n<p>L&#8217;utilisateur d\u00e9clare que toutes les donn\u00e9es qu&#8217;il fournit sont vraies et correctes, et s&#8217;engage \u00e0 les maintenir \u00e0 jour. L&#8217;utilisateur est responsable de la v\u00e9racit\u00e9 de ses donn\u00e9es et sera le seul responsable de tout litige r\u00e9sultant de la fausset\u00e9 de celles-ci. Il est important que l&#8217;utilisateur informe &#8220;FINDED&#8221; de toute modification de ses donn\u00e9es afin que nous puissions les maintenir \u00e0 jour.<\/p>\n<p><strong>Transmission de donn\u00e9es<\/strong><\/p>\n<p>&#8220;FINDED&#8221; ne transmettra ni ne communiquera vos donn\u00e9es \u00e0 des tiers, sauf dans les cas pr\u00e9vus par la loi ou lorsque la prestation d&#8217;un service implique la n\u00e9cessit\u00e9 d&#8217;une relation contractuelle avec un sous-traitant du traitement. Ainsi, l&#8217;utilisateur accepte que certaines donn\u00e9es personnelles collect\u00e9es soient fournies \u00e0 ces sous-traitants du traitement (plateformes de paiement, gestionnaires, interm\u00e9diaires, etc.) lorsque cela est n\u00e9cessaire \u00e0 la r\u00e9alisation effective d&#8217;un service souscrit ou d&#8217;un produit achet\u00e9. L&#8217;utilisateur accepte \u00e9galement que, en cas de prestation de services, ceux-ci puissent \u00eatre, totalement ou partiellement, sous-trait\u00e9s \u00e0 d&#8217;autres personnes ou entreprises, qui seront consid\u00e9r\u00e9es comme des sous-traitants du traitement et avec lesquels un contrat de confidentialit\u00e9 correspondant a \u00e9t\u00e9 conclu, ou qui ont adh\u00e9r\u00e9 \u00e0 leurs politiques de confidentialit\u00e9, \u00e9tablies sur leurs pages web respectives. L&#8217;utilisateur peut refuser la transmission de ses donn\u00e9es aux sous-traitants du traitement par \u00e9crit, par l&#8217;un des moyens pr\u00e9c\u00e9demment r\u00e9f\u00e9renc\u00e9s.<\/p>\n<p>De plus, dans les cas o\u00f9 cela est n\u00e9cessaire, les donn\u00e9es des clients peuvent \u00eatre transmises \u00e0 certains organismes, conform\u00e9ment \u00e0 une obligation l\u00e9gale : Agence espagnole des imp\u00f4ts, entit\u00e9s bancaires, Inspection du Travail, etc.<\/p>\n<p><strong>Exercice des droits de l&#8217;utilisateur<\/strong><\/p>\n<p>La LOPD et le RGPD donnent aux personnes concern\u00e9es la possibilit\u00e9 d&#8217;exercer plusieurs droits li\u00e9s au traitement de leurs donn\u00e9es personnelles. Pour ce faire, l&#8217;utilisateur doit adresser une demande, accompagn\u00e9e de documents justifiant son identit\u00e9 (carte d&#8217;identit\u00e9 ou passeport), par e-mail \u00e0 info<a target=\"_new\" rel=\"noopener\">@finded.io<\/a>, ou par courrier \u00e0 l&#8217;adresse figurant dans notre Avis L\u00e9gal. Cette communication doit inclure les informations suivantes : nom et pr\u00e9nom de l&#8217;utilisateur, objet de la demande, adresse et coordonn\u00e9es justificatives.<\/p>\n<p>L&#8217;exercice des droits doit \u00eatre effectu\u00e9 par l&#8217;utilisateur lui-m\u00eame. Cependant, il peut \u00eatre effectu\u00e9 par une personne autoris\u00e9e en tant que repr\u00e9sentant l\u00e9gal de l&#8217;utilisateur, en fournissant les documents justifiant cette repr\u00e9sentation.<\/p>\n<p>L&#8217;utilisateur peut demander l&#8217;exercice des droits suivants :<\/p>\n<p>\u00b7 Droit de demander l&#8217;acc\u00e8s aux donn\u00e9es personnelles.<\/p>\n<p>\u00b7 Droit de demander leur rectification (en cas d&#8217;erreur) ou leur suppression.<\/p>\n<p>\u00b7 Droit de demander la limitation de leur traitement, auquel cas &#8220;FINDED&#8221; ne les conservera que pour l&#8217;exercice ou la d\u00e9fense d&#8217;\u00e9ventuelles r\u00e9clamations.<\/p>\n<p>\u00b7 Droit de s&#8217;opposer au traitement : &#8220;FINDED&#8221; cessera de traiter vos donn\u00e9es, sauf pour des raisons l\u00e9gitimes ou pour l&#8217;exercice ou la d\u00e9fense d&#8217;\u00e9ventuelles r\u00e9clamations qui n\u00e9cessitent de continuer \u00e0 les traiter.<\/p>\n<p>\u00b7 Droit \u00e0 la portabilit\u00e9 des donn\u00e9es : si vous souhaitez que vos donn\u00e9es soient trait\u00e9es par une autre entreprise, &#8220;FINDED&#8221; vous facilitera la portabilit\u00e9 de vos donn\u00e9es sous un format exportable.<\/p>\n<p>Dans le cas o\u00f9 le consentement aurait \u00e9t\u00e9 donn\u00e9 pour une finalit\u00e9 sp\u00e9cifique, l&#8217;utilisateur a le droit de retirer son consentement \u00e0 tout moment, sans que cela n&#8217;affecte la l\u00e9galit\u00e9 du traitement bas\u00e9 sur le consentement donn\u00e9 avant son retrait.<\/p>\n<p>Nous nous engageons \u00e0 exercer tous ces droits dans les d\u00e9lais l\u00e9gaux maximums (1 mois).<\/p>\n<p>Si un utilisateur estime qu&#8217;il y a un probl\u00e8me dans la mani\u00e8re dont &#8220;FINDED&#8221; g\u00e8re ses donn\u00e9es, il peut adresser ses r\u00e9clamations au Responsable de la S\u00e9curit\u00e9 ou \u00e0 l&#8217;autorit\u00e9 de protection des donn\u00e9es comp\u00e9tente, l&#8217;Agence espagnole de protection des donn\u00e9es \u00e9tant indiqu\u00e9e dans le cas de l&#8217;Espagne.<\/p>\n<p><strong>Conservation des donn\u00e9es<\/strong><\/p>\n<p>Les donn\u00e9es personnelles des utilisateurs qui utilisent le formulaire de contact ou nous envoient un e-mail pour demander des informations seront trait\u00e9es pendant le temps strictement n\u00e9cessaire pour r\u00e9pondre \u00e0 la demande d&#8217;information, ou jusqu&#8217;\u00e0 r\u00e9vocation du consentement donn\u00e9.<\/p>\n<p>Les donn\u00e9es personnelles des clients seront trait\u00e9es jusqu&#8217;\u00e0 la fin de la relation contractuelle. La p\u00e9riode de conservation des donn\u00e9es personnelles sera la plus courte possible, pouvant \u00eatre maintenue jusqu&#8217;\u00e0 :<\/p>\n<p>\u00b7 4 ans : Loi sur les infractions et sanctions en mati\u00e8re d&#8217;ordre social (obligations en mati\u00e8re d&#8217;affiliation, d&#8217;inscriptions, de d\u00e9parts, de cotisations, de paiement des salaires, etc.) ; Articles 66 et suivants de la Loi g\u00e9n\u00e9rale sur les imp\u00f4ts (livres de comptabilit\u00e9&#8230;)<\/p>\n<p>\u00b7 5 ans : Article 1964 du Code civil (actions personnelles sans d\u00e9lai sp\u00e9cial)<\/p>\n<p>\u00b7 6 ans : Article 30 du Code de commerce (livres de comptabilit\u00e9, factures&#8230;)<\/p>\n<p>\u00b7 10 ans : Article 25 de la Loi sur la pr\u00e9vention du blanchiment de capitaux et le financement du terrorisme.<\/p>\n<p>\u00b7 Sans d\u00e9lai : donn\u00e9es d\u00e9sagr\u00e9g\u00e9es et anonymis\u00e9es.<\/p>\n<p><strong>R\u00e9seaux sociaux<\/strong><\/p>\n<p>&#8220;FINDED&#8221; a un profil sur certaines des principales plateformes de m\u00e9dias sociaux sur Internet (Facebook, Instagram), se reconnaissant dans tous les cas comme responsable du traitement des donn\u00e9es de ses abonn\u00e9s, fans, abonn\u00e9s, commentateurs et autres profils d&#8217;utilisateurs (ci-apr\u00e8s, les abonn\u00e9s) publi\u00e9s par &#8220;FINDED&#8221;. L&#8217;objectif du traitement des donn\u00e9es par &#8220;FINDED&#8221;, lorsque la loi ne l&#8217;interdit pas, est d&#8217;informer ses abonn\u00e9s sur ses activit\u00e9s et offres, par tous les moyens que les r\u00e9seaux sociaux permettent, ainsi que de fournir un service personnalis\u00e9 de service client. La base juridique l\u00e9gitimant ce traitement est le consentement de la personne concern\u00e9e, qu&#8217;elle peut r\u00e9voquer \u00e0 tout moment. En aucun cas, &#8220;FINDED&#8221; n&#8217;extraira des donn\u00e9es des r\u00e9seaux sociaux, sauf si le consentement de l&#8217;utilisateur est obtenu ponctuellement et express\u00e9ment (par exemple, pour la r\u00e9alisation d&#8217;un concours).<\/p>\n<p><strong>Confidentialit\u00e9<\/strong><\/p>\n<p>Les informations fournies par le client seront toujours consid\u00e9r\u00e9es comme confidentielles et ne pourront pas \u00eatre utilis\u00e9es \u00e0 d&#8217;autres fins que celles d\u00e9crites ici. &#8220;FINDED&#8221; s&#8217;engage \u00e0 ne pas divulguer ni r\u00e9v\u00e9ler d&#8217;informations sur les demandes de l&#8217;utilisateur, les raisons de la demande de conseils, ou la dur\u00e9e de sa relation avec celui-ci.<\/p>\n<p>&nbsp;<\/p>\n<p>&nbsp;<\/p>\n","protected":false},"excerpt":{"rendered":"<p>&#8220;FINDED&#8221; est profond\u00e9ment engag\u00e9e dans le respect de la r\u00e9glementation espagnole et europ\u00e9enne en mati\u00e8re de protection des donn\u00e9es personnelles. Elle garantit le respect int\u00e9gral des obligations et la mise en \u0153uvre des mesures de s\u00e9curit\u00e9 pr\u00e9vues dans le R\u00e8glement G\u00e9n\u00e9ral sur la Protection des Donn\u00e9es (RGPD) (UE) 2016\/679 du 27 avril et dans la Loi Organique 3\/2018 du 5 d\u00e9cembre sur la protection des donn\u00e9es personnelles et la garantie des droits num\u00e9riques (LOPD et GDD, ci-apr\u00e8s LOPD). Conform\u00e9ment \u00e0 ces r\u00e9glementations, nous vous informons que l&#8217;utilisation de notre site web peut n\u00e9cessiter la fourniture de certaines donn\u00e9es personnelles via<span class=\"excerpt-hellip\"> [\u2026]<\/span><\/p>\n","protected":false},"author":30,"featured_media":0,"parent":0,"menu_order":0,"comment_status":"closed","ping_status":"closed","template":"","meta":{"footnotes":""},"class_list":["post-810","page","type-page","status-publish","hentry"],"yoast_head":"<!-- This site is optimized with the Yoast SEO plugin v26.8 - https:\/\/yoast.com\/product\/yoast-seo-wordpress\/ -->\n<title>Politique de confidentialit\u00e9 - Finded<\/title>\n<meta name=\"description\" content=\"Politique de confidentialit\u00e9 - Finded\" \/>\n<meta name=\"robots\" content=\"noindex, nofollow\" \/>\n<meta property=\"og:locale\" content=\"fr_FR\" \/>\n<meta property=\"og:type\" content=\"article\" \/>\n<meta property=\"og:title\" content=\"Politique de confidentialit\u00e9 - Finded\" \/>\n<meta property=\"og:description\" content=\"Politique de confidentialit\u00e9 - Finded\" \/>\n<meta property=\"og:url\" content=\"https:\/\/finded.io\/politica-de-privacidad\/\" \/>\n<meta property=\"og:site_name\" content=\"Finded\" \/>\n<meta property=\"article:modified_time\" content=\"2024-02-26T16:52:54+00:00\" \/>\n<meta name=\"twitter:card\" content=\"summary_large_image\" \/>\n<meta name=\"twitter:label1\" content=\"Dur\u00e9e de lecture estim\u00e9e\" \/>\n\t<meta name=\"twitter:data1\" content=\"8 minutes\" \/>\n<script type=\"application\/ld+json\" class=\"yoast-schema-graph\">{\"@context\":\"https:\/\/schema.org\",\"@graph\":[{\"@type\":\"WebPage\",\"@id\":\"https:\/\/finded.io\/politica-de-privacidad\/\",\"url\":\"https:\/\/finded.io\/politica-de-privacidad\/\",\"name\":\"Politique de confidentialit\u00e9 - Finded\",\"isPartOf\":{\"@id\":\"https:\/\/finded.io\/#website\"},\"datePublished\":\"2022-03-16T09:02:21+00:00\",\"dateModified\":\"2024-02-26T16:52:54+00:00\",\"description\":\"Politique de confidentialit\u00e9 - Finded\",\"breadcrumb\":{\"@id\":\"https:\/\/finded.io\/politica-de-privacidad\/#breadcrumb\"},\"inLanguage\":\"fr-FR\",\"potentialAction\":[{\"@type\":\"ReadAction\",\"target\":[\"https:\/\/finded.io\/politica-de-privacidad\/\"]}]},{\"@type\":\"BreadcrumbList\",\"@id\":\"https:\/\/finded.io\/politica-de-privacidad\/#breadcrumb\",\"itemListElement\":[{\"@type\":\"ListItem\",\"position\":1,\"name\":\"Portada\",\"item\":\"https:\/\/finded.io\/fr\/\"},{\"@type\":\"ListItem\",\"position\":2,\"name\":\"Politique de confidentialit\u00e9\"}]},{\"@type\":\"WebSite\",\"@id\":\"https:\/\/finded.io\/#website\",\"url\":\"https:\/\/finded.io\/\",\"name\":\"Finded\",\"description\":\"En Finded te ayudamos a encontrar el mejor Talento para las empresas\",\"potentialAction\":[{\"@type\":\"SearchAction\",\"target\":{\"@type\":\"EntryPoint\",\"urlTemplate\":\"https:\/\/finded.io\/?s={search_term_string}\"},\"query-input\":{\"@type\":\"PropertyValueSpecification\",\"valueRequired\":true,\"valueName\":\"search_term_string\"}}],\"inLanguage\":\"fr-FR\"}]}<\/script>\n<!-- \/ Yoast SEO plugin. -->","yoast_head_json":{"title":"Politique de confidentialit\u00e9 - Finded","description":"Politique de confidentialit\u00e9 - Finded","robots":{"index":"noindex","follow":"nofollow"},"og_locale":"fr_FR","og_type":"article","og_title":"Politique de confidentialit\u00e9 - Finded","og_description":"Politique de confidentialit\u00e9 - Finded","og_url":"https:\/\/finded.io\/politica-de-privacidad\/","og_site_name":"Finded","article_modified_time":"2024-02-26T16:52:54+00:00","twitter_card":"summary_large_image","twitter_misc":{"Dur\u00e9e de lecture estim\u00e9e":"8 minutes"},"schema":{"@context":"https:\/\/schema.org","@graph":[{"@type":"WebPage","@id":"https:\/\/finded.io\/politica-de-privacidad\/","url":"https:\/\/finded.io\/politica-de-privacidad\/","name":"Politique de confidentialit\u00e9 - Finded","isPartOf":{"@id":"https:\/\/finded.io\/#website"},"datePublished":"2022-03-16T09:02:21+00:00","dateModified":"2024-02-26T16:52:54+00:00","description":"Politique de confidentialit\u00e9 - Finded","breadcrumb":{"@id":"https:\/\/finded.io\/politica-de-privacidad\/#breadcrumb"},"inLanguage":"fr-FR","potentialAction":[{"@type":"ReadAction","target":["https:\/\/finded.io\/politica-de-privacidad\/"]}]},{"@type":"BreadcrumbList","@id":"https:\/\/finded.io\/politica-de-privacidad\/#breadcrumb","itemListElement":[{"@type":"ListItem","position":1,"name":"Portada","item":"https:\/\/finded.io\/fr\/"},{"@type":"ListItem","position":2,"name":"Politique de confidentialit\u00e9"}]},{"@type":"WebSite","@id":"https:\/\/finded.io\/#website","url":"https:\/\/finded.io\/","name":"Finded","description":"En Finded te ayudamos a encontrar el mejor Talento para las empresas","potentialAction":[{"@type":"SearchAction","target":{"@type":"EntryPoint","urlTemplate":"https:\/\/finded.io\/?s={search_term_string}"},"query-input":{"@type":"PropertyValueSpecification","valueRequired":true,"valueName":"search_term_string"}}],"inLanguage":"fr-FR"}]}},"_links":{"self":[{"href":"https:\/\/finded.io\/fr\/wp-json\/wp\/v2\/pages\/810","targetHints":{"allow":["GET"]}}],"collection":[{"href":"https:\/\/finded.io\/fr\/wp-json\/wp\/v2\/pages"}],"about":[{"href":"https:\/\/finded.io\/fr\/wp-json\/wp\/v2\/types\/page"}],"author":[{"embeddable":true,"href":"https:\/\/finded.io\/fr\/wp-json\/wp\/v2\/users\/30"}],"replies":[{"embeddable":true,"href":"https:\/\/finded.io\/fr\/wp-json\/wp\/v2\/comments?post=810"}],"version-history":[{"count":4,"href":"https:\/\/finded.io\/fr\/wp-json\/wp\/v2\/pages\/810\/revisions"}],"predecessor-version":[{"id":946,"href":"https:\/\/finded.io\/fr\/wp-json\/wp\/v2\/pages\/810\/revisions\/946"}],"wp:attachment":[{"href":"https:\/\/finded.io\/fr\/wp-json\/wp\/v2\/media?parent=810"}],"curies":[{"name":"wp","href":"https:\/\/api.w.org\/{rel}","templated":true}]}}