{"id":687,"date":"2022-03-16T09:02:21","date_gmt":"2022-03-16T09:02:21","guid":{"rendered":"https:\/\/www.finded.io\/politica-de-privacidad\/"},"modified":"2024-02-26T11:00:03","modified_gmt":"2024-02-26T11:00:03","slug":"politica-de-privacidade","status":"publish","type":"page","link":"https:\/\/finded.io\/pt-pt\/politica-de-privacidade\/","title":{"rendered":"Pol\u00edtica de privacidade"},"content":{"rendered":"<p>&#8220;<strong>Finded Marketing Services<\/strong>&#8221; (em diante FINDED) est\u00e1 profundamente comprometida com o cumprimento da regulamenta\u00e7\u00e3o espanhola e europeia de prote\u00e7\u00e3o de dados pessoais e garante o cumprimento integral das obriga\u00e7\u00f5es estabelecidas, bem como a implementa\u00e7\u00e3o das medidas de seguran\u00e7a previstas no Regulamento Geral de Prote\u00e7\u00e3o de Dados (RGPD) (UE) 2016\/679, de 27 de abril, e na Lei Org\u00e2nica 3\/2018, de 5 de dezembro, relativa \u00e0 Prote\u00e7\u00e3o de Dados Pessoais e Garantia dos Direitos Digitais (LOPD e GDD, doravante LOPD).<\/p>\n<p>De acordo com essas regulamenta\u00e7\u00f5es, informamos que o uso do nosso site pode exigir a disponibiliza\u00e7\u00e3o de dados pessoais por meio de formul\u00e1rios de contato ou por meio do envio de e-mails, e que esses dados ser\u00e3o processados pela &#8220;FINDED&#8221;, Respons\u00e1vel pelo Tratamento, cujos dados s\u00e3o:<\/p>\n<p>\u00b7 Raz\u00e3o Social: Finded Marketing Services SL<\/p>\n<p>\u00b7 NIF: B56918675<\/p>\n<p>\u00b7 Endere\u00e7o: C\/ Luis Mezquida, 5 Almassera &#8211; Spain<\/p>\n<p>\u00b7 Telefone: +34 627 400 355<\/p>\n<p>\u00b7 Email: <a href=\"mailto:jcarretero@finded.io\" target=\"_new\" rel=\"noopener\">info@finded.io<\/a><\/p>\n<p>Coleta de dados fornecidos pela FINDED<\/p>\n<p>As empresas listadas na FINDED s\u00e3o encontradas e analisadas por nosso mecanismo de busca. Essas informa\u00e7\u00f5es est\u00e3o dispon\u00edveis na internet e s\u00e3o de acesso p\u00fablico para qualquer usu\u00e1rio; n\u00f3s as coletamos, consolidamos e organizamos para mostrar as melhores empresas para se trabalhar.<\/p>\n<p>Se desejar que a sua empresa n\u00e3o seja listada em nosso comparador, voc\u00ea deve primeiro remover suas informa\u00e7\u00f5es de nossas fontes (Infojobs.net, Glassdoor.com e Indeed.com). Depois de fazer isso, nosso rob\u00f4 n\u00e3o poder\u00e1 rastrear essas informa\u00e7\u00f5es e, portanto, sua empresa n\u00e3o aparecer\u00e1.<\/p>\n<p><strong>Coleta e Tratamento de Dados Pessoais<\/strong><\/p>\n<p>Um dado pessoal \u00e9 qualquer informa\u00e7\u00e3o relacionada a uma pessoa: nome, e-mail, endere\u00e7o, telefone, NIF\/NIE, etc. Al\u00e9m disso, quando um usu\u00e1rio visita nosso site, determinadas informa\u00e7\u00f5es s\u00e3o armazenadas automaticamente por motivos t\u00e9cnicos, como o endere\u00e7o IP atribu\u00eddo pelo provedor de acesso \u00e0 internet. A &#8220;FINDED&#8221;, como Respons\u00e1vel pelo Tratamento, tem o dever de informar aos usu\u00e1rios de seu site sobre a coleta de dados pessoais que podem ocorrer, seja por meio do envio de e-mails ou preenchimento de formul\u00e1rios no site. Apenas os dados necess\u00e1rios para prestar o servi\u00e7o contratado ou responder adequadamente \u00e0s solicita\u00e7\u00f5es dos usu\u00e1rios ser\u00e3o coletados. Os dados coletados s\u00e3o identificativos e correspondem a um m\u00ednimo razo\u00e1vel para realizar a atividade em quest\u00e3o. Em nenhum momento s\u00e3o coletados dados especialmente protegidos. Em nenhum caso os dados ser\u00e3o utilizados para fins diferentes dos para os quais foram coletados.<\/p>\n<p>Formul\u00e1rios de contato\/e-mail<\/p>\n<p>Finalidade: Responder \u00e0s solicita\u00e7\u00f5es de informa\u00e7\u00e3o feitas por meio de nossos formul\u00e1rios de contato.<\/p>\n<p>Base legal: O consentimento do usu\u00e1rio legitima esse tratamento, que pode ser revogado a qualquer momento.<\/p>\n<p>Transfer\u00eancia de dados: Os dados pessoais ser\u00e3o processados por servidores gerenciados pela Ionos, que ser\u00e1 considerada como Processadora de Dados.<\/p>\n<p><strong>Menores de idade<\/strong><\/p>\n<p>Apenas pessoas com mais de 14 anos podem fornecer dados pessoais neste site. Conforme exigido pela LOPD e GDD, no caso de menores com menos de 14 anos, o consentimento de seus pais ou respons\u00e1veis legais \u00e9 obrigat\u00f3rio para que possamos processar seus dados pessoais. Al\u00e9m disso, apenas pessoas com mais de 18 anos podem contratar nossos servi\u00e7os. No caso de menores de 18 anos, o consentimento de seus pais ou respons\u00e1veis legais \u00e9 obrigat\u00f3rio para podermos prestar os servi\u00e7os oferecidos, a menos que o menor seja emancipado.<\/p>\n<p><strong>Medidas de Seguran\u00e7a<\/strong><\/p>\n<p>Informamos aos usu\u00e1rios do site da &#8220;FINDED&#8221; que foram adotadas medidas de seguran\u00e7a t\u00e9cnicas e organizacionais ao nosso alcance para evitar perda, uso indevido, altera\u00e7\u00e3o, acesso n\u00e3o autorizado e roubo de dados, garantindo assim a confidencialidade, integridade e qualidade das informa\u00e7\u00f5es contidas. Os dados pessoais coletados nos formul\u00e1rios s\u00e3o processados apenas pela equipe da &#8220;FINDED&#8221; ou pelos Processadores de Dados designados.<\/p>\n<p>O site da &#8220;FINDED&#8221; tamb\u00e9m possui criptografia SSL, que permite ao usu\u00e1rio enviar com seguran\u00e7a seus dados pessoais por meio dos formul\u00e1rios de contato do site.<\/p>\n<p><strong>Veracidade dos dados<\/strong><\/p>\n<p>O usu\u00e1rio declara que todos os dados fornecidos por ele s\u00e3o verdadeiros e corretos e se compromete a mant\u00ea-los atualizados. O usu\u00e1rio ser\u00e1 respons\u00e1vel pela veracidade de seus dados e ser\u00e1 o \u00fanico respons\u00e1vel por qualquer conflito ou lit\u00edgio que possa surgir devido \u00e0 falsidade dos dados. \u00c9 importante que o usu\u00e1rio informe a &#8220;FINDED&#8221; sempre que houver alguma altera\u00e7\u00e3o em seus dados pessoais para que possamos mant\u00ea-los atualizados.<\/p>\n<p><strong>Transfer\u00eancia de dados<\/strong><\/p>\n<p>A &#8220;FINDED&#8221; n\u00e3o ir\u00e1 ceder nem divulgar seus dados a terceiros, exceto nos casos legalmente previstos ou quando a presta\u00e7\u00e3o de um servi\u00e7o envolver a necessidade de um relacionamento contratual com um Processador de Dados. Portanto, o usu\u00e1rio concorda que alguns dos dados pessoais coletados sejam fornecidos a esses Processadores de Dados (plataformas de pagamento, escrit\u00f3rios de contabilidade, intermedi\u00e1rios, etc.), quando necess\u00e1rio para a realiza\u00e7\u00e3o efetiva de um servi\u00e7o contratado ou produto adquirido. O usu\u00e1rio tamb\u00e9m concorda que, no caso da presta\u00e7\u00e3o de servi\u00e7os, eles possam ser total ou parcialmente subcontratados a outras pessoas ou empresas, que ser\u00e3o consideradas Processadores de Dados, com as quais foi celebrado um contrato de confidencialidade ou ades\u00e3o \u00e0s pol\u00edticas de privacidade estabelecidas em seus respectivos sites. O usu\u00e1rio pode recusar a transfer\u00eancia de seus dados para os Processadores de Dados, por meio de uma solicita\u00e7\u00e3o por escrito, por qualquer um dos meios mencionados anteriormente.<\/p>\n<p>Al\u00e9m disso, nos casos em que for necess\u00e1rio, os dados dos clientes podem ser fornecidos a \u00f3rg\u00e3os espec\u00edficos, em cumprimento de obriga\u00e7\u00f5es legais: Ag\u00eancia Tribut\u00e1ria Espanhola, entidades banc\u00e1rias, Inspe\u00e7\u00e3o do Trabalho, etc.<\/p>\n<p><strong>Exerc\u00edcio dos Direitos do Usu\u00e1rio<\/strong><\/p>\n<p>A LOPD e o RGPD concedem aos titulares a possibilidade de exercer v\u00e1rios direitos relacionados ao tratamento de seus dados pessoais. Para isso, o usu\u00e1rio deve se dirigir, fornecendo documenta\u00e7\u00e3o que comprove sua identidade (DNI ou passaporte), por e-mail para <a href=\"mailto:info@finded.io\" target=\"_new\" rel=\"noopener\">info@finded.io<\/a>, ou por meio de comunica\u00e7\u00e3o por escrito para o endere\u00e7o indicado em nosso Aviso Legal. Essa comunica\u00e7\u00e3o deve incluir as seguintes informa\u00e7\u00f5es: nome e sobrenome do usu\u00e1rio, objeto da solicita\u00e7\u00e3o, endere\u00e7o e dados de identifica\u00e7\u00e3o.<\/p>\n<p>O exerc\u00edcio dos direitos deve ser feito pelo pr\u00f3prio usu\u00e1rio. No entanto, esses direitos podem ser exercidos por uma pessoa autorizada como representante legal do usu\u00e1rio, desde que seja fornecida documenta\u00e7\u00e3o que comprove essa representa\u00e7\u00e3o.<\/p>\n<p>O usu\u00e1rio pode solicitar o exerc\u00edcio dos seguintes direitos:<\/p>\n<p>\u00b7 Direito de solicitar o acesso aos dados pessoais.<\/p>\n<p>\u00b7 Direito de solicitar a retifica\u00e7\u00e3o (quando estiverem incorretos) ou exclus\u00e3o.<\/p>\n<p>\u00b7 Direito de solicitar a restri\u00e7\u00e3o de processamento, caso os dados sejam mantidos pela &#8220;FINDED&#8221; apenas para fins de defesa ou para exercer reivindica\u00e7\u00f5es.<\/p>\n<p>\u00b7 Direito de se opor ao processamento: a &#8220;FINDED&#8221; deixar\u00e1 de processar seus dados, a menos que haja motivos leg\u00edtimos ou necessidade de continuar processando para defesa ou para exercer poss\u00edveis reivindica\u00e7\u00f5es.<\/p>\n<p>\u00b7 Direito \u00e0 portabilidade dos dados: se voc\u00ea desejar que seus dados sejam processados por outra empresa, a &#8220;FINDED&#8221; facilitar\u00e1 a portabilidade de seus dados em um formato export\u00e1vel.<\/p>\n<p>No caso de consentimento para um fim espec\u00edfico, o usu\u00e1rio tem o direito de retirar o consentimento a qualquer momento, sem afetar a legalidade do processamento com base no consentimento dado anteriormente.<\/p>\n<p>Comprometemo-nos a exercer todos esses direitos dentro do prazo legal m\u00e1ximo (1 m\u00eas).<\/p>\n<p>Se um usu\u00e1rio considerar que h\u00e1 um problema na forma como a &#8220;FINDED&#8221; est\u00e1 tratando seus dados, ele pode encaminhar suas reclama\u00e7\u00f5es ao Respons\u00e1vel pela Seguran\u00e7a ou \u00e0 autoridade de prote\u00e7\u00e3o de dados correspondente, sendo a Ag\u00eancia Espanhola de Prote\u00e7\u00e3o de Dados a indicada no caso da Espanha.<\/p>\n<p><strong>Reten\u00e7\u00e3o de dados<\/strong><\/p>\n<p>Os dados pessoais dos usu\u00e1rios que usam o formul\u00e1rio de contato ou enviam um e-mail solicitando informa\u00e7\u00f5es ser\u00e3o processados pelo tempo estritamente necess\u00e1rio para atender \u00e0 solicita\u00e7\u00e3o de informa\u00e7\u00f5es ou at\u00e9 que o consentimento dado seja retirado.<\/p>\n<p>Os dados pessoais dos clientes ser\u00e3o processados at\u00e9 o t\u00e9rmino do relacionamento contratual. O per\u00edodo de reten\u00e7\u00e3o dos dados pessoais ser\u00e1 o m\u00ednimo necess\u00e1rio e poder\u00e1 ser mantido por:<\/p>\n<p>\u00b7 4 anos: Lei sobre Infra\u00e7\u00f5es e San\u00e7\u00f5es no \u00e2mbito Social (obriga\u00e7\u00f5es relativas \u00e0 afilia\u00e7\u00e3o, inscri\u00e7\u00f5es, baixas, contribui\u00e7\u00f5es, pagamento de sal\u00e1rios, etc.); Arts. 66 e seguintes da Lei Geral Tribut\u00e1ria (livros cont\u00e1beis&#8230;)<\/p>\n<p>\u00b7 5 anos: Art. 1964 do C\u00f3digo Civil (a\u00e7\u00f5es pessoais sem prazo especial)<\/p>\n<p>\u00b7 6 anos: Art. 30 do C\u00f3digo de Com\u00e9rcio (livros cont\u00e1beis, faturas&#8230;)<\/p>\n<p>\u00b7 10 anos: Art. 25 da Lei de Preven\u00e7\u00e3o de Lavagem de Dinheiro e Financiamento do Terrorismo.<\/p>\n<p>\u00b7 Sem prazo: dados agregados e anonimizados.<\/p>\n<p><strong>Redes Sociais<\/strong><\/p>\n<p>A &#8220;FINDED&#8221; possui perfis em algumas das principais redes sociais da Internet (Facebook, Instagram), sendo reconhecida em todos os casos como Respons\u00e1vel pelo Tratamento dos dados de seus seguidores, f\u00e3s, assinantes, comentaristas e outros perfis de usu\u00e1rios (doravante, seguidores) publicados pela &#8220;FINDED&#8221;. A finalidade do tratamento de dados pela &#8220;FINDED&#8221;, quando a lei n\u00e3o o pro\u00edbe, \u00e9 informar seus seguidores sobre suas atividades e ofertas, por qualquer meio que a rede social permita, al\u00e9m de prestar atendimento ao cliente personalizado. A base legal que legitima esse tratamento \u00e9 o consentimento do interessado, que pode ser revogado a qualquer momento. Em nenhum caso a &#8220;FINDED&#8221; extrair\u00e1 dados das redes sociais, a menos que obtenha o consentimento pontual e expresso do usu\u00e1rio (por exemplo, para a realiza\u00e7\u00e3o de um concurso).<\/p>\n<p><strong>Confidencialidade<\/strong><\/p>\n<p>As informa\u00e7\u00f5es fornecidas pelo cliente ser\u00e3o sempre consideradas confidenciais e n\u00e3o podem ser usadas para outros fins que n\u00e3o os aqui descritos. A &#8220;FINDED&#8221; se compromete a n\u00e3o divulgar nem revelar informa\u00e7\u00f5es sobre as inten\u00e7\u00f5es do usu\u00e1rio, os motivos do aconselhamento solicitado ou a dura\u00e7\u00e3o de seu relacionamento com a empresa.<\/p>\n<p>&nbsp;<\/p>\n<p>&nbsp;<\/p>\n","protected":false},"excerpt":{"rendered":"<p>&#8220;Finded Marketing Services&#8221; (em diante FINDED) est\u00e1 profundamente comprometida com o cumprimento da regulamenta\u00e7\u00e3o espanhola e europeia de prote\u00e7\u00e3o de dados pessoais e garante o cumprimento integral das obriga\u00e7\u00f5es estabelecidas, bem como a implementa\u00e7\u00e3o das medidas de seguran\u00e7a previstas no Regulamento Geral de Prote\u00e7\u00e3o de Dados (RGPD) (UE) 2016\/679, de 27 de abril, e na Lei Org\u00e2nica 3\/2018, de 5 de dezembro, relativa \u00e0 Prote\u00e7\u00e3o de Dados Pessoais e Garantia dos Direitos Digitais (LOPD e GDD, doravante LOPD). De acordo com essas regulamenta\u00e7\u00f5es, informamos que o uso do nosso site pode exigir a disponibiliza\u00e7\u00e3o de dados pessoais por meio de<span class=\"excerpt-hellip\"> [\u2026]<\/span><\/p>\n","protected":false},"author":30,"featured_media":0,"parent":0,"menu_order":0,"comment_status":"closed","ping_status":"closed","template":"","meta":{"footnotes":""},"class_list":["post-687","page","type-page","status-publish","hentry"],"yoast_head":"<!-- This site is optimized with the Yoast SEO plugin v26.8 - https:\/\/yoast.com\/product\/yoast-seo-wordpress\/ -->\n<title>Pol\u00edtica de privacidade - Finded<\/title>\n<meta name=\"description\" content=\"Pol\u00edtica de privacidade - Finded\" \/>\n<meta name=\"robots\" content=\"noindex, nofollow\" \/>\n<meta property=\"og:locale\" content=\"pt_PT\" \/>\n<meta property=\"og:type\" content=\"article\" \/>\n<meta property=\"og:title\" content=\"Pol\u00edtica de privacidade - Finded\" \/>\n<meta property=\"og:description\" content=\"Pol\u00edtica de privacidade - Finded\" \/>\n<meta property=\"og:url\" content=\"https:\/\/finded.io\/politica-de-privacidad\/\" \/>\n<meta property=\"og:site_name\" content=\"Finded\" \/>\n<meta property=\"article:modified_time\" content=\"2024-02-26T11:00:03+00:00\" \/>\n<meta name=\"twitter:card\" content=\"summary_large_image\" \/>\n<meta name=\"twitter:label1\" content=\"Tempo estimado de leitura\" \/>\n\t<meta name=\"twitter:data1\" content=\"8 minutos\" \/>\n<script type=\"application\/ld+json\" class=\"yoast-schema-graph\">{\"@context\":\"https:\/\/schema.org\",\"@graph\":[{\"@type\":\"WebPage\",\"@id\":\"https:\/\/finded.io\/politica-de-privacidad\/\",\"url\":\"https:\/\/finded.io\/politica-de-privacidad\/\",\"name\":\"Pol\u00edtica de privacidade - Finded\",\"isPartOf\":{\"@id\":\"https:\/\/finded.io\/#website\"},\"datePublished\":\"2022-03-16T09:02:21+00:00\",\"dateModified\":\"2024-02-26T11:00:03+00:00\",\"description\":\"Pol\u00edtica de privacidade - Finded\",\"breadcrumb\":{\"@id\":\"https:\/\/finded.io\/politica-de-privacidad\/#breadcrumb\"},\"inLanguage\":\"pt-PT\",\"potentialAction\":[{\"@type\":\"ReadAction\",\"target\":[\"https:\/\/finded.io\/politica-de-privacidad\/\"]}]},{\"@type\":\"BreadcrumbList\",\"@id\":\"https:\/\/finded.io\/politica-de-privacidad\/#breadcrumb\",\"itemListElement\":[{\"@type\":\"ListItem\",\"position\":1,\"name\":\"Portada\",\"item\":\"https:\/\/finded.io\/\"},{\"@type\":\"ListItem\",\"position\":2,\"name\":\"Pol\u00edtica de privacidade\"}]},{\"@type\":\"WebSite\",\"@id\":\"https:\/\/finded.io\/#website\",\"url\":\"https:\/\/finded.io\/\",\"name\":\"Finded\",\"description\":\"En Finded te ayudamos a encontrar el mejor Talento para las empresas\",\"potentialAction\":[{\"@type\":\"SearchAction\",\"target\":{\"@type\":\"EntryPoint\",\"urlTemplate\":\"https:\/\/finded.io\/?s={search_term_string}\"},\"query-input\":{\"@type\":\"PropertyValueSpecification\",\"valueRequired\":true,\"valueName\":\"search_term_string\"}}],\"inLanguage\":\"pt-PT\"}]}<\/script>\n<!-- \/ Yoast SEO plugin. -->","yoast_head_json":{"title":"Pol\u00edtica de privacidade - Finded","description":"Pol\u00edtica de privacidade - Finded","robots":{"index":"noindex","follow":"nofollow"},"og_locale":"pt_PT","og_type":"article","og_title":"Pol\u00edtica de privacidade - Finded","og_description":"Pol\u00edtica de privacidade - Finded","og_url":"https:\/\/finded.io\/politica-de-privacidad\/","og_site_name":"Finded","article_modified_time":"2024-02-26T11:00:03+00:00","twitter_card":"summary_large_image","twitter_misc":{"Tempo estimado de leitura":"8 minutos"},"schema":{"@context":"https:\/\/schema.org","@graph":[{"@type":"WebPage","@id":"https:\/\/finded.io\/politica-de-privacidad\/","url":"https:\/\/finded.io\/politica-de-privacidad\/","name":"Pol\u00edtica de privacidade - Finded","isPartOf":{"@id":"https:\/\/finded.io\/#website"},"datePublished":"2022-03-16T09:02:21+00:00","dateModified":"2024-02-26T11:00:03+00:00","description":"Pol\u00edtica de privacidade - Finded","breadcrumb":{"@id":"https:\/\/finded.io\/politica-de-privacidad\/#breadcrumb"},"inLanguage":"pt-PT","potentialAction":[{"@type":"ReadAction","target":["https:\/\/finded.io\/politica-de-privacidad\/"]}]},{"@type":"BreadcrumbList","@id":"https:\/\/finded.io\/politica-de-privacidad\/#breadcrumb","itemListElement":[{"@type":"ListItem","position":1,"name":"Portada","item":"https:\/\/finded.io\/"},{"@type":"ListItem","position":2,"name":"Pol\u00edtica de privacidade"}]},{"@type":"WebSite","@id":"https:\/\/finded.io\/#website","url":"https:\/\/finded.io\/","name":"Finded","description":"En Finded te ayudamos a encontrar el mejor Talento para las empresas","potentialAction":[{"@type":"SearchAction","target":{"@type":"EntryPoint","urlTemplate":"https:\/\/finded.io\/?s={search_term_string}"},"query-input":{"@type":"PropertyValueSpecification","valueRequired":true,"valueName":"search_term_string"}}],"inLanguage":"pt-PT"}]}},"_links":{"self":[{"href":"https:\/\/finded.io\/pt-pt\/wp-json\/wp\/v2\/pages\/687","targetHints":{"allow":["GET"]}}],"collection":[{"href":"https:\/\/finded.io\/pt-pt\/wp-json\/wp\/v2\/pages"}],"about":[{"href":"https:\/\/finded.io\/pt-pt\/wp-json\/wp\/v2\/types\/page"}],"author":[{"embeddable":true,"href":"https:\/\/finded.io\/pt-pt\/wp-json\/wp\/v2\/users\/30"}],"replies":[{"embeddable":true,"href":"https:\/\/finded.io\/pt-pt\/wp-json\/wp\/v2\/comments?post=687"}],"version-history":[{"count":5,"href":"https:\/\/finded.io\/pt-pt\/wp-json\/wp\/v2\/pages\/687\/revisions"}],"predecessor-version":[{"id":945,"href":"https:\/\/finded.io\/pt-pt\/wp-json\/wp\/v2\/pages\/687\/revisions\/945"}],"wp:attachment":[{"href":"https:\/\/finded.io\/pt-pt\/wp-json\/wp\/v2\/media?parent=687"}],"curies":[{"name":"wp","href":"https:\/\/api.w.org\/{rel}","templated":true}]}}